{"id":1470,"date":"2026-02-04T19:03:24","date_gmt":"2026-02-04T18:03:24","guid":{"rendered":"https:\/\/revealbeauty-bastogne.be\/?page_id=1470"},"modified":"2026-02-04T19:03:24","modified_gmt":"2026-02-04T18:03:24","slug":"panier","status":"publish","type":"page","link":"https:\/\/revealbeauty-bastogne.be\/?page_id=1470","title":{"rendered":"Panier"},"content":{"rendered":"<div class=\"woocommerce\"><div class=\"woocommerce-notices-wrapper\"><\/div><div class=\"wc-empty-cart-message\">\n\t<div class=\"cart-empty woocommerce-info\" role=\"status\">\n\t\tVotre panier est actuellement vide.\t<\/div>\n<\/div>\t<p class=\"return-to-shop\">\n\t\t<a class=\"button wc-backward\" href=\"https:\/\/revealbeauty-bastogne.be\/?page_id=1468\">\n\t\t\tRetour \u00e0 la boutique\t\t<\/a>\n\t<\/p>\n<\/div>\n","protected":false},"excerpt":{"rendered":"","protected":false},"author":1,"featured_media":0,"parent":0,"menu_order":0,"comment_status":"closed","ping_status":"closed","template":"","meta":{"_crdt_document":"","site-sidebar-layout":"default","site-content-layout":"","ast-site-content-layout":"","site-content-style":"default","site-sidebar-style":"default","ast-global-header-display":"","ast-banner-title-visibility":"","ast-main-header-display":"","ast-hfb-above-header-display":"","ast-hfb-below-header-display":"","ast-hfb-mobile-header-display":"","site-post-title":"","ast-breadcrumbs-content":"","ast-featured-img":"","footer-sml-layout":"","theme-transparent-header-meta":"","adv-header-id-meta":"","stick-header-meta":"","header-above-stick-meta":"","header-main-stick-meta":"","header-below-stick-meta":"","astra-migrate-meta-layouts":"default","ast-page-background-enabled":"default","ast-page-background-meta":{"desktop":{"background-color":"var(--ast-global-color-5)","background-image":"","background-repeat":"repeat","background-position":"center center","background-size":"auto","background-attachment":"scroll","background-type":"","background-media":"","overlay-type":"","overlay-color":"","overlay-opacity":"","overlay-gradient":""},"tablet":{"background-color":"","background-image":"","background-repeat":"repeat","background-position":"center center","background-size":"auto","background-attachment":"scroll","background-type":"","background-media":"","overlay-type":"","overlay-color":"","overlay-opacity":"","overlay-gradient":""},"mobile":{"background-color":"","background-image":"","background-repeat":"repeat","background-position":"center center","background-size":"auto","background-attachment":"scroll","background-type":"","background-media":"","overlay-type":"","overlay-color":"","overlay-opacity":"","overlay-gradient":""}},"ast-content-background-meta":{"desktop":{"background-color":"var(--ast-global-color-4)","background-image":"","background-repeat":"repeat","background-position":"center center","background-size":"auto","background-attachment":"scroll","background-type":"","background-media":"","overlay-type":"","overlay-color":"","overlay-opacity":"","overlay-gradient":""},"tablet":{"background-color":"var(--ast-global-color-4)","background-image":"","background-repeat":"repeat","background-position":"center center","background-size":"auto","background-attachment":"scroll","background-type":"","background-media":"","overlay-type":"","overlay-color":"","overlay-opacity":"","overlay-gradient":""},"mobile":{"background-color":"var(--ast-global-color-4)","background-image":"","background-repeat":"repeat","background-position":"center center","background-size":"auto","background-attachment":"scroll","background-type":"","background-media":"","overlay-type":"","overlay-color":"","overlay-opacity":"","overlay-gradient":""}},"footnotes":""},"class_list":["post-1470","page","type-page","status-publish","hentry"],"yoast_head":"<!-- This site is optimized with the Yoast SEO plugin v27.4 - https:\/\/yoast.com\/product\/yoast-seo-wordpress\/ -->\n<title>Panier - Reveal Beauty Bastogne<\/title>\n<meta name=\"description\" content=\"Institut de beaut\u00e9 \u00e0 Bastogne : soins visage, corps, \u00e9pilations, manucure, p\u00e9dicure, massages. Reveal Beauty, votre pause bien-\u00eatre\" \/>\n<meta name=\"robots\" content=\"index, follow, max-snippet:-1, max-image-preview:large, max-video-preview:-1\" \/>\n<link rel=\"canonical\" href=\"https:\/\/revealbeauty-bastogne.be\/?page_id=1470\" \/>\n<meta property=\"og:locale\" content=\"fr_FR\" \/>\n<meta property=\"og:type\" content=\"article\" \/>\n<meta property=\"og:title\" content=\"Panier - Reveal Beauty Bastogne\" \/>\n<meta property=\"og:description\" content=\"Institut de beaut\u00e9 \u00e0 Bastogne : soins visage, corps, \u00e9pilations, manucure, p\u00e9dicure, massages. Reveal Beauty, votre pause bien-\u00eatre\" \/>\n<meta property=\"og:url\" content=\"https:\/\/revealbeauty-bastogne.be\/?page_id=1470\" \/>\n<meta property=\"og:site_name\" content=\"Reveal Beauty Bastogne\" \/>\n<meta property=\"article:publisher\" content=\"https:\/\/www.facebook.com\/profile.php?id=100089553621805\" \/>\n<meta property=\"og:image\" content=\"https:\/\/i0.wp.com\/revealbeauty-bastogne.be\/wp-content\/uploads\/2025\/06\/Partage-RevealBeauty.png?fit=1920%2C1008&ssl=1\" \/>\n\t<meta property=\"og:image:width\" content=\"1920\" \/>\n\t<meta property=\"og:image:height\" content=\"1008\" \/>\n\t<meta property=\"og:image:type\" content=\"image\/png\" \/>\n<meta name=\"twitter:card\" content=\"summary_large_image\" \/>\n<script type=\"application\/ld+json\" class=\"yoast-schema-graph\">{\"@context\":\"https:\\\/\\\/schema.org\",\"@graph\":[{\"@type\":\"WebPage\",\"@id\":\"https:\\\/\\\/revealbeauty-bastogne.be\\\/?page_id=1470\",\"url\":\"https:\\\/\\\/revealbeauty-bastogne.be\\\/?page_id=1470\",\"name\":\"Panier - Reveal Beauty Bastogne\",\"isPartOf\":{\"@id\":\"https:\\\/\\\/revealbeauty-bastogne.be\\\/#website\"},\"datePublished\":\"2026-02-04T18:03:24+00:00\",\"description\":\"Institut de beaut\u00e9 \u00e0 Bastogne : soins visage, corps, \u00e9pilations, manucure, p\u00e9dicure, massages. Reveal Beauty, votre pause bien-\u00eatre\",\"breadcrumb\":{\"@id\":\"https:\\\/\\\/revealbeauty-bastogne.be\\\/?page_id=1470#breadcrumb\"},\"inLanguage\":\"fr-FR\",\"potentialAction\":[{\"@type\":\"ReadAction\",\"target\":[\"https:\\\/\\\/revealbeauty-bastogne.be\\\/?page_id=1470\"]}]},{\"@type\":\"BreadcrumbList\",\"@id\":\"https:\\\/\\\/revealbeauty-bastogne.be\\\/?page_id=1470#breadcrumb\",\"itemListElement\":[{\"@type\":\"ListItem\",\"position\":1,\"name\":\"Accueil\",\"item\":\"https:\\\/\\\/revealbeauty-bastogne.be\\\/\"},{\"@type\":\"ListItem\",\"position\":2,\"name\":\"Panier\"}]},{\"@type\":\"WebSite\",\"@id\":\"https:\\\/\\\/revealbeauty-bastogne.be\\\/#website\",\"url\":\"https:\\\/\\\/revealbeauty-bastogne.be\\\/\",\"name\":\"Reveal Beauty Bastogne\",\"description\":\"Reveal Beauty \u00e0 Bastogne \u2013 Institut de beaut\u00e9 &amp; centre de formation. Soins visage, corps, \u00e9pilation, maquillage permanent &amp; formations en esth\u00e9tique. R\u00e9servez en ligne !\",\"publisher\":{\"@id\":\"https:\\\/\\\/revealbeauty-bastogne.be\\\/#organization\"},\"alternateName\":\"Reveal Beauty\",\"potentialAction\":[{\"@type\":\"SearchAction\",\"target\":{\"@type\":\"EntryPoint\",\"urlTemplate\":\"https:\\\/\\\/revealbeauty-bastogne.be\\\/?s={search_term_string}\"},\"query-input\":{\"@type\":\"PropertyValueSpecification\",\"valueRequired\":true,\"valueName\":\"search_term_string\"}}],\"inLanguage\":\"fr-FR\"},{\"@type\":\"Organization\",\"@id\":\"https:\\\/\\\/revealbeauty-bastogne.be\\\/#organization\",\"name\":\"Reveal Beauty Bastogne\",\"url\":\"https:\\\/\\\/revealbeauty-bastogne.be\\\/\",\"logo\":{\"@type\":\"ImageObject\",\"inLanguage\":\"fr-FR\",\"@id\":\"https:\\\/\\\/revealbeauty-bastogne.be\\\/#\\\/schema\\\/logo\\\/image\\\/\",\"url\":\"https:\\\/\\\/i0.wp.com\\\/revealbeauty-bastogne.be\\\/wp-content\\\/uploads\\\/2025\\\/06\\\/logo_revealbeauty_shadow.png?fit=1920%2C1918&ssl=1\",\"contentUrl\":\"https:\\\/\\\/i0.wp.com\\\/revealbeauty-bastogne.be\\\/wp-content\\\/uploads\\\/2025\\\/06\\\/logo_revealbeauty_shadow.png?fit=1920%2C1918&ssl=1\",\"width\":1920,\"height\":1918,\"caption\":\"Reveal Beauty Bastogne\"},\"image\":{\"@id\":\"https:\\\/\\\/revealbeauty-bastogne.be\\\/#\\\/schema\\\/logo\\\/image\\\/\"},\"sameAs\":[\"https:\\\/\\\/www.facebook.com\\\/profile.php?id=100089553621805\",\"https:\\\/\\\/www.instagram.com\\\/revealbeauty.pmu\\\/\"]}]}<\/script>\n<!-- \/ Yoast SEO plugin. -->","yoast_head_json":{"title":"Panier - Reveal Beauty Bastogne","description":"Institut de beaut\u00e9 \u00e0 Bastogne : soins visage, corps, \u00e9pilations, manucure, p\u00e9dicure, massages. Reveal Beauty, votre pause bien-\u00eatre","robots":{"index":"index","follow":"follow","max-snippet":"max-snippet:-1","max-image-preview":"max-image-preview:large","max-video-preview":"max-video-preview:-1"},"canonical":"https:\/\/revealbeauty-bastogne.be\/?page_id=1470","og_locale":"fr_FR","og_type":"article","og_title":"Panier - Reveal Beauty Bastogne","og_description":"Institut de beaut\u00e9 \u00e0 Bastogne : soins visage, corps, \u00e9pilations, manucure, p\u00e9dicure, massages. Reveal Beauty, votre pause bien-\u00eatre","og_url":"https:\/\/revealbeauty-bastogne.be\/?page_id=1470","og_site_name":"Reveal Beauty Bastogne","article_publisher":"https:\/\/www.facebook.com\/profile.php?id=100089553621805","og_image":[{"width":1920,"height":1008,"url":"https:\/\/i0.wp.com\/revealbeauty-bastogne.be\/wp-content\/uploads\/2025\/06\/Partage-RevealBeauty.png?fit=1920%2C1008&ssl=1","type":"image\/png"}],"twitter_card":"summary_large_image","schema":{"@context":"https:\/\/schema.org","@graph":[{"@type":"WebPage","@id":"https:\/\/revealbeauty-bastogne.be\/?page_id=1470","url":"https:\/\/revealbeauty-bastogne.be\/?page_id=1470","name":"Panier - Reveal Beauty Bastogne","isPartOf":{"@id":"https:\/\/revealbeauty-bastogne.be\/#website"},"datePublished":"2026-02-04T18:03:24+00:00","description":"Institut de beaut\u00e9 \u00e0 Bastogne : soins visage, corps, \u00e9pilations, manucure, p\u00e9dicure, massages. Reveal Beauty, votre pause bien-\u00eatre","breadcrumb":{"@id":"https:\/\/revealbeauty-bastogne.be\/?page_id=1470#breadcrumb"},"inLanguage":"fr-FR","potentialAction":[{"@type":"ReadAction","target":["https:\/\/revealbeauty-bastogne.be\/?page_id=1470"]}]},{"@type":"BreadcrumbList","@id":"https:\/\/revealbeauty-bastogne.be\/?page_id=1470#breadcrumb","itemListElement":[{"@type":"ListItem","position":1,"name":"Accueil","item":"https:\/\/revealbeauty-bastogne.be\/"},{"@type":"ListItem","position":2,"name":"Panier"}]},{"@type":"WebSite","@id":"https:\/\/revealbeauty-bastogne.be\/#website","url":"https:\/\/revealbeauty-bastogne.be\/","name":"Reveal Beauty Bastogne","description":"Reveal Beauty \u00e0 Bastogne \u2013 Institut de beaut\u00e9 &amp; centre de formation. Soins visage, corps, \u00e9pilation, maquillage permanent &amp; formations en esth\u00e9tique. R\u00e9servez en ligne !","publisher":{"@id":"https:\/\/revealbeauty-bastogne.be\/#organization"},"alternateName":"Reveal Beauty","potentialAction":[{"@type":"SearchAction","target":{"@type":"EntryPoint","urlTemplate":"https:\/\/revealbeauty-bastogne.be\/?s={search_term_string}"},"query-input":{"@type":"PropertyValueSpecification","valueRequired":true,"valueName":"search_term_string"}}],"inLanguage":"fr-FR"},{"@type":"Organization","@id":"https:\/\/revealbeauty-bastogne.be\/#organization","name":"Reveal Beauty Bastogne","url":"https:\/\/revealbeauty-bastogne.be\/","logo":{"@type":"ImageObject","inLanguage":"fr-FR","@id":"https:\/\/revealbeauty-bastogne.be\/#\/schema\/logo\/image\/","url":"https:\/\/i0.wp.com\/revealbeauty-bastogne.be\/wp-content\/uploads\/2025\/06\/logo_revealbeauty_shadow.png?fit=1920%2C1918&ssl=1","contentUrl":"https:\/\/i0.wp.com\/revealbeauty-bastogne.be\/wp-content\/uploads\/2025\/06\/logo_revealbeauty_shadow.png?fit=1920%2C1918&ssl=1","width":1920,"height":1918,"caption":"Reveal Beauty Bastogne"},"image":{"@id":"https:\/\/revealbeauty-bastogne.be\/#\/schema\/logo\/image\/"},"sameAs":["https:\/\/www.facebook.com\/profile.php?id=100089553621805","https:\/\/www.instagram.com\/revealbeauty.pmu\/"]}]}},"jetpack_likes_enabled":true,"jetpack_sharing_enabled":true,"jetpack_shortlink":"https:\/\/wp.me\/PgANEq-nI","jetpack-related-posts":[],"_links":{"self":[{"href":"https:\/\/revealbeauty-bastogne.be\/index.php?rest_route=\/wp\/v2\/pages\/1470","targetHints":{"allow":["GET"]}}],"collection":[{"href":"https:\/\/revealbeauty-bastogne.be\/index.php?rest_route=\/wp\/v2\/pages"}],"about":[{"href":"https:\/\/revealbeauty-bastogne.be\/index.php?rest_route=\/wp\/v2\/types\/page"}],"author":[{"embeddable":true,"href":"https:\/\/revealbeauty-bastogne.be\/index.php?rest_route=\/wp\/v2\/users\/1"}],"replies":[{"embeddable":true,"href":"https:\/\/revealbeauty-bastogne.be\/index.php?rest_route=%2Fwp%2Fv2%2Fcomments&post=1470"}],"version-history":[{"count":0,"href":"https:\/\/revealbeauty-bastogne.be\/index.php?rest_route=\/wp\/v2\/pages\/1470\/revisions"}],"wp:attachment":[{"href":"https:\/\/revealbeauty-bastogne.be\/index.php?rest_route=%2Fwp%2Fv2%2Fmedia&parent=1470"}],"curies":[{"name":"wp","href":"https:\/\/api.w.org\/{rel}","templated":true}]}}