{"id":724,"date":"2025-06-27T16:16:18","date_gmt":"2025-06-27T14:16:18","guid":{"rendered":"https:\/\/revealbeauty-bastogne.be\/?page_id=724"},"modified":"2025-07-01T17:01:29","modified_gmt":"2025-07-01T15:01:29","slug":"conditions-generales-de-reveal-beauty-bastogne","status":"publish","type":"page","link":"https:\/\/revealbeauty-bastogne.be\/?page_id=724","title":{"rendered":"conditions"},"content":{"rendered":"\t\t<div data-elementor-type=\"wp-page\" data-elementor-id=\"724\" class=\"elementor elementor-724\" data-elementor-post-type=\"page\">\n\t\t\t\t<div class=\"elementor-element elementor-element-a4cf85c e-flex e-con-boxed e-con e-parent\" data-id=\"a4cf85c\" data-element_type=\"container\" data-e-type=\"container\">\n\t\t\t\t\t<div class=\"e-con-inner\">\n\t\t\t\t<div class=\"elementor-element elementor-element-85aeb4a elementor-widget elementor-widget-text-editor\" data-id=\"85aeb4a\" data-element_type=\"widget\" data-e-type=\"widget\" data-widget_type=\"text-editor.default\">\n\t\t\t\t<div class=\"elementor-widget-container\">\n\t\t\t\t\t\t\t\t\t<div class=\"elementor-element elementor-element-4d2b43a e-flex e-con-boxed wpr-particle-no wpr-jarallax-no wpr-parallax-no wpr-sticky-section-no e-con e-parent e-lazyloaded\" data-id=\"4d2b43a\" data-element_type=\"container\"><div class=\"e-con-inner\"><div class=\"elementor-element elementor-element-bf399f1 elementor-widget elementor-widget-heading\" data-id=\"bf399f1\" data-element_type=\"widget\" data-widget_type=\"heading.default\"><h2 class=\"elementor-heading-title elementor-size-default\">Conditions d&rsquo;Utilisation du site Revealbeauty-bastogne.be<\/h2><\/div><div class=\"elementor-element elementor-element-9425e2f elementor-widget elementor-widget-text-editor\" data-id=\"9425e2f\" data-element_type=\"widget\" data-widget_type=\"text-editor.default\"><p>En acc\u00e9dant \u00e0 ce site et en l\u2019utilisant, vous acceptez les conditions ci-dessous. Le site, y compris ses textes, images, graphiques, vid\u00e9os, animations, rapports, sp\u00e9cifications techniques, descriptions de produits, etc., est prot\u00e9g\u00e9 par des droits d\u2019auteur et des marques d\u00e9pos\u00e9es. Vous pouvez t\u00e9l\u00e9charger ou imprimer des pages et\/ou des parties du site, \u00e0 condition de ne pas supprimer les mentions de droit d\u2019auteur ou d\u2019autres mentions de propri\u00e9t\u00e9. Le t\u00e9l\u00e9chargement ou toute autre copie de contenu du site n\u2019entra\u00eene aucun droit de propri\u00e9t\u00e9. Vous ne pouvez ni reproduire, ni transmettre, ni modifier, ni utiliser ce site \u00e0 des fins commerciales ou publiques, ni cr\u00e9er des liens vers celui-ci sans autorisation \u00e9crite pr\u00e9alable de revealbeauty-bastogne.be. Toute utilisation non autoris\u00e9e est interdite et peut entra\u00eener des sanctions civiles ou p\u00e9nales.<\/p><\/div><div class=\"elementor-element elementor-element-f06d5a6 elementor-widget elementor-widget-heading\" data-id=\"f06d5a6\" data-element_type=\"widget\" data-widget_type=\"heading.default\"><h2 class=\"elementor-heading-title elementor-size-default\">Garantie sur les Informations Fournies<\/h2><\/div><div class=\"elementor-element elementor-element-4bb7dac elementor-widget elementor-widget-text-editor\" data-id=\"4bb7dac\" data-element_type=\"widget\" data-widget_type=\"text-editor.default\"><p>Bien que revealbeauty-bastogne.be fasse tout son possible pour garantir la qualit\u00e9 des informations fournies, il est possible que certaines donn\u00e9es, en raison de l\u2019\u00e9volution continue des produits, contiennent des erreurs ou ne soient pas enti\u00e8rement \u00e0 jour. Les informations, conseils, et opinions pr\u00e9sents sur ce site sont donc fournis \u00ab tels quels \u00bb, sans aucune garantie expresse ou implicite.<\/p><\/div><div class=\"elementor-element elementor-element-4f7ed88 elementor-widget elementor-widget-heading\" data-id=\"4f7ed88\" data-element_type=\"widget\" data-widget_type=\"heading.default\"><h2 class=\"elementor-heading-title elementor-size-default\">Liens Vers des Sites Externes<\/h2><\/div><div class=\"elementor-element elementor-element-b676aa6 elementor-widget elementor-widget-text-editor\" data-id=\"b676aa6\" data-element_type=\"widget\" data-widget_type=\"text-editor.default\"><p>Le site revealbeauty-bastogne.be peut contenir des liens vers d\u2019autres sites web, mais nous ne pouvons \u00eatre tenus responsables du contenu, des produits, des services ou autres informations propos\u00e9s par ces sites externes.<\/p><\/div><div class=\"elementor-element elementor-element-4d5d363 elementor-widget elementor-widget-heading\" data-id=\"4d5d363\" data-element_type=\"widget\" data-widget_type=\"heading.default\"><h2 class=\"elementor-heading-title elementor-size-default\">Politique de Cookies<\/h2><\/div><div class=\"elementor-element elementor-element-e5cdef1 elementor-widget elementor-widget-text-editor\" data-id=\"e5cdef1\" data-element_type=\"widget\" data-widget_type=\"text-editor.default\"><p>Lors de votre navigation sur notre site, des cookies peuvent \u00eatre install\u00e9s temporairement dans votre navigateur pour am\u00e9liorer votre exp\u00e9rience utilisateur. Ces cookies ne permettent pas de vous identifier personnellement, mais enregistrent des informations sur les pages visit\u00e9es, la date et l\u2019heure de votre visite. Vous pouvez choisir de d\u00e9sactiver les cookies en ajustant les param\u00e8tres de votre navigateur, bien que cela puisse restreindre certaines fonctionnalit\u00e9s du site.<\/p><\/div><\/div><\/div><div class=\"elementor-element elementor-element-5afd582 e-flex e-con-boxed wpr-particle-no wpr-jarallax-no wpr-parallax-no wpr-sticky-section-no e-con e-parent e-lazyloaded\" data-id=\"5afd582\" data-element_type=\"container\"><div class=\"e-con-inner\"><div class=\"elementor-element elementor-element-82fd36b elementor-widget elementor-widget-heading\" data-id=\"82fd36b\" data-element_type=\"widget\" data-widget_type=\"heading.default\"><h2 class=\"elementor-heading-title elementor-size-default\">Impressum:<\/h2><\/div><div class=\"elementor-element elementor-element-bd6cc3b elementor-widget elementor-widget-text-editor\" data-id=\"bd6cc3b\" data-element_type=\"widget\" data-widget_type=\"text-editor.default\"><p>Reveal Beauty\u00a0<\/p><p>Rue Joseph Renquin 26, Bastogne 6600<\/p><p>+32 497 298 068<\/p><p><span style=\"font-weight: 400;\">num\u00e9ro de tva :BE1021721784\u00a0\u00a0<\/span><\/p><p><span style=\"font-weight: 400;\">revealbeauty26@yahoo.com <\/span><\/p><\/div><\/div><\/div>\t\t\t\t\t\t\t\t<\/div>\n\t\t\t\t<\/div>\n\t\t\t\t\t<\/div>\n\t\t\t\t<\/div>\n\t\t\t\t<\/div>\n\t\t","protected":false},"excerpt":{"rendered":"<p>Conditions d&rsquo;Utilisation du site Revealbeauty-bastogne.be En acc\u00e9dant \u00e0 ce site et en l\u2019utilisant, vous acceptez les conditions ci-dessous. Le site, [&hellip;]<\/p>\n","protected":false},"author":262677624,"featured_media":0,"parent":0,"menu_order":0,"comment_status":"closed","ping_status":"closed","template":"","meta":{"_crdt_document":"","site-sidebar-layout":"no-sidebar","site-content-layout":"","ast-site-content-layout":"full-width-container","site-content-style":"default","site-sidebar-style":"default","ast-global-header-display":"","ast-banner-title-visibility":"","ast-main-header-display":"","ast-hfb-above-header-display":"","ast-hfb-below-header-display":"","ast-hfb-mobile-header-display":"","site-post-title":"disabled","ast-breadcrumbs-content":"","ast-featured-img":"disabled","footer-sml-layout":"","theme-transparent-header-meta":"","adv-header-id-meta":"","stick-header-meta":"","header-above-stick-meta":"","header-main-stick-meta":"","header-below-stick-meta":"","astra-migrate-meta-layouts":"default","ast-page-background-enabled":"default","ast-page-background-meta":{"desktop":{"background-color":"var(--ast-global-color-5)","background-image":"","background-repeat":"repeat","background-position":"center center","background-size":"auto","background-attachment":"scroll","background-type":"","background-media":"","overlay-type":"","overlay-color":"","overlay-opacity":"","overlay-gradient":""},"tablet":{"background-color":"","background-image":"","background-repeat":"repeat","background-position":"center center","background-size":"auto","background-attachment":"scroll","background-type":"","background-media":"","overlay-type":"","overlay-color":"","overlay-opacity":"","overlay-gradient":""},"mobile":{"background-color":"","background-image":"","background-repeat":"repeat","background-position":"center center","background-size":"auto","background-attachment":"scroll","background-type":"","background-media":"","overlay-type":"","overlay-color":"","overlay-opacity":"","overlay-gradient":""}},"ast-content-background-meta":{"desktop":{"background-color":"var(--ast-global-color-4)","background-image":"","background-repeat":"repeat","background-position":"center center","background-size":"auto","background-attachment":"scroll","background-type":"","background-media":"","overlay-type":"","overlay-color":"","overlay-opacity":"","overlay-gradient":""},"tablet":{"background-color":"var(--ast-global-color-4)","background-image":"","background-repeat":"repeat","background-position":"center center","background-size":"auto","background-attachment":"scroll","background-type":"","background-media":"","overlay-type":"","overlay-color":"","overlay-opacity":"","overlay-gradient":""},"mobile":{"background-color":"var(--ast-global-color-4)","background-image":"","background-repeat":"repeat","background-position":"center center","background-size":"auto","background-attachment":"scroll","background-type":"","background-media":"","overlay-type":"","overlay-color":"","overlay-opacity":"","overlay-gradient":""}},"footnotes":""},"class_list":["post-724","page","type-page","status-publish","hentry"],"yoast_head":"<!-- This site is optimized with the Yoast SEO plugin v27.4 - https:\/\/yoast.com\/product\/yoast-seo-wordpress\/ -->\n<title>conditions - Reveal Beauty Bastogne<\/title>\n<meta name=\"description\" content=\"Institut de beaut\u00e9 \u00e0 Bastogne : soins visage, corps, \u00e9pilations, manucure, p\u00e9dicure, massages. Reveal Beauty, votre pause bien-\u00eatre\" \/>\n<meta name=\"robots\" content=\"noindex, follow\" \/>\n<meta property=\"og:locale\" content=\"fr_FR\" \/>\n<meta property=\"og:type\" content=\"article\" \/>\n<meta property=\"og:title\" content=\"conditions - Reveal Beauty Bastogne\" \/>\n<meta property=\"og:description\" content=\"Institut de beaut\u00e9 \u00e0 Bastogne : soins visage, corps, \u00e9pilations, manucure, p\u00e9dicure, massages. Reveal Beauty, votre pause bien-\u00eatre\" \/>\n<meta property=\"og:url\" content=\"https:\/\/revealbeauty-bastogne.be\/?page_id=724\" \/>\n<meta property=\"og:site_name\" content=\"Reveal Beauty Bastogne\" \/>\n<meta property=\"article:publisher\" content=\"https:\/\/www.facebook.com\/profile.php?id=100089553621805\" \/>\n<meta property=\"article:modified_time\" content=\"2025-07-01T15:01:29+00:00\" \/>\n<meta property=\"og:image\" content=\"https:\/\/i0.wp.com\/revealbeauty-bastogne.be\/wp-content\/uploads\/2025\/06\/Partage-RevealBeauty.png?fit=1920%2C1008&ssl=1\" \/>\n\t<meta property=\"og:image:width\" content=\"1920\" \/>\n\t<meta property=\"og:image:height\" content=\"1008\" \/>\n\t<meta property=\"og:image:type\" content=\"image\/png\" \/>\n<meta name=\"twitter:card\" content=\"summary_large_image\" \/>\n<meta name=\"twitter:label1\" content=\"Dur\u00e9e de lecture estim\u00e9e\" \/>\n\t<meta name=\"twitter:data1\" content=\"2 minutes\" \/>\n<script type=\"application\/ld+json\" class=\"yoast-schema-graph\">{\"@context\":\"https:\\\/\\\/schema.org\",\"@graph\":[{\"@type\":\"WebPage\",\"@id\":\"https:\\\/\\\/revealbeauty-bastogne.be\\\/?page_id=724\",\"url\":\"https:\\\/\\\/revealbeauty-bastogne.be\\\/?page_id=724\",\"name\":\"conditions - Reveal Beauty Bastogne\",\"isPartOf\":{\"@id\":\"https:\\\/\\\/revealbeauty-bastogne.be\\\/#website\"},\"datePublished\":\"2025-06-27T14:16:18+00:00\",\"dateModified\":\"2025-07-01T15:01:29+00:00\",\"description\":\"Institut de beaut\u00e9 \u00e0 Bastogne : soins visage, corps, \u00e9pilations, manucure, p\u00e9dicure, massages. Reveal Beauty, votre pause bien-\u00eatre\",\"breadcrumb\":{\"@id\":\"https:\\\/\\\/revealbeauty-bastogne.be\\\/?page_id=724#breadcrumb\"},\"inLanguage\":\"fr-FR\",\"potentialAction\":[{\"@type\":\"ReadAction\",\"target\":[\"https:\\\/\\\/revealbeauty-bastogne.be\\\/?page_id=724\"]}]},{\"@type\":\"BreadcrumbList\",\"@id\":\"https:\\\/\\\/revealbeauty-bastogne.be\\\/?page_id=724#breadcrumb\",\"itemListElement\":[{\"@type\":\"ListItem\",\"position\":1,\"name\":\"Accueil\",\"item\":\"https:\\\/\\\/revealbeauty-bastogne.be\\\/\"},{\"@type\":\"ListItem\",\"position\":2,\"name\":\"conditions\"}]},{\"@type\":\"WebSite\",\"@id\":\"https:\\\/\\\/revealbeauty-bastogne.be\\\/#website\",\"url\":\"https:\\\/\\\/revealbeauty-bastogne.be\\\/\",\"name\":\"Reveal Beauty Bastogne\",\"description\":\"Reveal Beauty \u00e0 Bastogne \u2013 Institut de beaut\u00e9 &amp; centre de formation. Soins visage, corps, \u00e9pilation, maquillage permanent &amp; formations en esth\u00e9tique. R\u00e9servez en ligne !\",\"publisher\":{\"@id\":\"https:\\\/\\\/revealbeauty-bastogne.be\\\/#organization\"},\"alternateName\":\"Reveal Beauty\",\"potentialAction\":[{\"@type\":\"SearchAction\",\"target\":{\"@type\":\"EntryPoint\",\"urlTemplate\":\"https:\\\/\\\/revealbeauty-bastogne.be\\\/?s={search_term_string}\"},\"query-input\":{\"@type\":\"PropertyValueSpecification\",\"valueRequired\":true,\"valueName\":\"search_term_string\"}}],\"inLanguage\":\"fr-FR\"},{\"@type\":\"Organization\",\"@id\":\"https:\\\/\\\/revealbeauty-bastogne.be\\\/#organization\",\"name\":\"Reveal Beauty Bastogne\",\"url\":\"https:\\\/\\\/revealbeauty-bastogne.be\\\/\",\"logo\":{\"@type\":\"ImageObject\",\"inLanguage\":\"fr-FR\",\"@id\":\"https:\\\/\\\/revealbeauty-bastogne.be\\\/#\\\/schema\\\/logo\\\/image\\\/\",\"url\":\"https:\\\/\\\/i0.wp.com\\\/revealbeauty-bastogne.be\\\/wp-content\\\/uploads\\\/2025\\\/06\\\/logo_revealbeauty_shadow.png?fit=1920%2C1918&ssl=1\",\"contentUrl\":\"https:\\\/\\\/i0.wp.com\\\/revealbeauty-bastogne.be\\\/wp-content\\\/uploads\\\/2025\\\/06\\\/logo_revealbeauty_shadow.png?fit=1920%2C1918&ssl=1\",\"width\":1920,\"height\":1918,\"caption\":\"Reveal Beauty Bastogne\"},\"image\":{\"@id\":\"https:\\\/\\\/revealbeauty-bastogne.be\\\/#\\\/schema\\\/logo\\\/image\\\/\"},\"sameAs\":[\"https:\\\/\\\/www.facebook.com\\\/profile.php?id=100089553621805\",\"https:\\\/\\\/www.instagram.com\\\/revealbeauty.pmu\\\/\"]}]}<\/script>\n<!-- \/ Yoast SEO plugin. -->","yoast_head_json":{"title":"conditions - Reveal Beauty Bastogne","description":"Institut de beaut\u00e9 \u00e0 Bastogne : soins visage, corps, \u00e9pilations, manucure, p\u00e9dicure, massages. Reveal Beauty, votre pause bien-\u00eatre","robots":{"index":"noindex","follow":"follow"},"og_locale":"fr_FR","og_type":"article","og_title":"conditions - Reveal Beauty Bastogne","og_description":"Institut de beaut\u00e9 \u00e0 Bastogne : soins visage, corps, \u00e9pilations, manucure, p\u00e9dicure, massages. Reveal Beauty, votre pause bien-\u00eatre","og_url":"https:\/\/revealbeauty-bastogne.be\/?page_id=724","og_site_name":"Reveal Beauty Bastogne","article_publisher":"https:\/\/www.facebook.com\/profile.php?id=100089553621805","article_modified_time":"2025-07-01T15:01:29+00:00","og_image":[{"width":1920,"height":1008,"url":"https:\/\/i0.wp.com\/revealbeauty-bastogne.be\/wp-content\/uploads\/2025\/06\/Partage-RevealBeauty.png?fit=1920%2C1008&ssl=1","type":"image\/png"}],"twitter_card":"summary_large_image","twitter_misc":{"Dur\u00e9e de lecture estim\u00e9e":"2 minutes"},"schema":{"@context":"https:\/\/schema.org","@graph":[{"@type":"WebPage","@id":"https:\/\/revealbeauty-bastogne.be\/?page_id=724","url":"https:\/\/revealbeauty-bastogne.be\/?page_id=724","name":"conditions - Reveal Beauty Bastogne","isPartOf":{"@id":"https:\/\/revealbeauty-bastogne.be\/#website"},"datePublished":"2025-06-27T14:16:18+00:00","dateModified":"2025-07-01T15:01:29+00:00","description":"Institut de beaut\u00e9 \u00e0 Bastogne : soins visage, corps, \u00e9pilations, manucure, p\u00e9dicure, massages. Reveal Beauty, votre pause bien-\u00eatre","breadcrumb":{"@id":"https:\/\/revealbeauty-bastogne.be\/?page_id=724#breadcrumb"},"inLanguage":"fr-FR","potentialAction":[{"@type":"ReadAction","target":["https:\/\/revealbeauty-bastogne.be\/?page_id=724"]}]},{"@type":"BreadcrumbList","@id":"https:\/\/revealbeauty-bastogne.be\/?page_id=724#breadcrumb","itemListElement":[{"@type":"ListItem","position":1,"name":"Accueil","item":"https:\/\/revealbeauty-bastogne.be\/"},{"@type":"ListItem","position":2,"name":"conditions"}]},{"@type":"WebSite","@id":"https:\/\/revealbeauty-bastogne.be\/#website","url":"https:\/\/revealbeauty-bastogne.be\/","name":"Reveal Beauty Bastogne","description":"Reveal Beauty \u00e0 Bastogne \u2013 Institut de beaut\u00e9 &amp; centre de formation. Soins visage, corps, \u00e9pilation, maquillage permanent &amp; formations en esth\u00e9tique. R\u00e9servez en ligne !","publisher":{"@id":"https:\/\/revealbeauty-bastogne.be\/#organization"},"alternateName":"Reveal Beauty","potentialAction":[{"@type":"SearchAction","target":{"@type":"EntryPoint","urlTemplate":"https:\/\/revealbeauty-bastogne.be\/?s={search_term_string}"},"query-input":{"@type":"PropertyValueSpecification","valueRequired":true,"valueName":"search_term_string"}}],"inLanguage":"fr-FR"},{"@type":"Organization","@id":"https:\/\/revealbeauty-bastogne.be\/#organization","name":"Reveal Beauty Bastogne","url":"https:\/\/revealbeauty-bastogne.be\/","logo":{"@type":"ImageObject","inLanguage":"fr-FR","@id":"https:\/\/revealbeauty-bastogne.be\/#\/schema\/logo\/image\/","url":"https:\/\/i0.wp.com\/revealbeauty-bastogne.be\/wp-content\/uploads\/2025\/06\/logo_revealbeauty_shadow.png?fit=1920%2C1918&ssl=1","contentUrl":"https:\/\/i0.wp.com\/revealbeauty-bastogne.be\/wp-content\/uploads\/2025\/06\/logo_revealbeauty_shadow.png?fit=1920%2C1918&ssl=1","width":1920,"height":1918,"caption":"Reveal Beauty Bastogne"},"image":{"@id":"https:\/\/revealbeauty-bastogne.be\/#\/schema\/logo\/image\/"},"sameAs":["https:\/\/www.facebook.com\/profile.php?id=100089553621805","https:\/\/www.instagram.com\/revealbeauty.pmu\/"]}]}},"jetpack_likes_enabled":true,"jetpack_sharing_enabled":true,"jetpack_shortlink":"https:\/\/wp.me\/PgANEq-bG","jetpack-related-posts":[],"_links":{"self":[{"href":"https:\/\/revealbeauty-bastogne.be\/index.php?rest_route=\/wp\/v2\/pages\/724","targetHints":{"allow":["GET"]}}],"collection":[{"href":"https:\/\/revealbeauty-bastogne.be\/index.php?rest_route=\/wp\/v2\/pages"}],"about":[{"href":"https:\/\/revealbeauty-bastogne.be\/index.php?rest_route=\/wp\/v2\/types\/page"}],"author":[{"embeddable":true,"href":"https:\/\/revealbeauty-bastogne.be\/index.php?rest_route=\/wp\/v2\/users\/262677624"}],"replies":[{"embeddable":true,"href":"https:\/\/revealbeauty-bastogne.be\/index.php?rest_route=%2Fwp%2Fv2%2Fcomments&post=724"}],"version-history":[{"count":17,"href":"https:\/\/revealbeauty-bastogne.be\/index.php?rest_route=\/wp\/v2\/pages\/724\/revisions"}],"predecessor-version":[{"id":894,"href":"https:\/\/revealbeauty-bastogne.be\/index.php?rest_route=\/wp\/v2\/pages\/724\/revisions\/894"}],"wp:attachment":[{"href":"https:\/\/revealbeauty-bastogne.be\/index.php?rest_route=%2Fwp%2Fv2%2Fmedia&parent=724"}],"curies":[{"name":"wp","href":"https:\/\/api.w.org\/{rel}","templated":true}]}}